{"id":274,"date":"2024-04-15T14:29:18","date_gmt":"2024-04-15T14:29:18","guid":{"rendered":"https:\/\/teleradio.nu\/?page_id=274"},"modified":"2024-06-24T13:47:23","modified_gmt":"2024-06-24T13:47:23","slug":"vara-butiker","status":"publish","type":"page","link":"https:\/\/kungshamn.teleradio.nu\/?page_id=274","title":{"rendered":"V\u00e5ra Butiker"},"content":{"rendered":"\n\n\t<section class=\"section\" id=\"section_2037085584\">\n\t\t<div class=\"section-bg fill\" >\n\t\t\t<img loading=\"lazy\" decoding=\"async\" width=\"1877\" height=\"396\" src=\"https:\/\/kungshamn.teleradio.nu\/wp-content\/uploads\/2024\/04\/Skarmavbild-2024-04-15-kl.-16.20.20.png\" class=\"bg attachment-original size-original\" alt=\"\" \/>\t\t\t\t\t\t<div class=\"section-bg-overlay absolute fill\"><\/div>\n\t\t\t\n\n\t\t<\/div>\n\n\t\t\n\n\t\t<div class=\"section-content relative\">\n\t\t\t\n\n<div class=\"row row-full-width align-equal align-center\"  id=\"row-1300870176\">\n\n\n\t<div id=\"col-1875302906\" class=\"col small-12 large-12\"  >\n\t\t\t\t<div class=\"col-inner\"  >\n\t\t\t\n\t\t\t\n\n\t<div id=\"text-4132445050\" class=\"text\">\n\t\t\n\n<h1><span style=\"font-size: 200%;\">V\u00e5ra Butiker<\/span><\/h1>\n\t\t\n<style>\n#text-4132445050 {\n  text-align: center;\n  color: rgb(255,255,255);\n}\n#text-4132445050 > * {\n  color: rgb(255,255,255);\n}\n<\/style>\n\t<\/div>\n\t\n\n\t\t<\/div>\n\t\t\t\t\t<\/div>\n\n\t\n\n\n<style>\n#row-1300870176 > .col > .col-inner {\n  padding: 200px 0px 0px 0px;\n}\n<\/style>\n<\/div>\n<div class=\"row\"  id=\"row-811595098\">\n\n\n\t<div id=\"col-1595114152\" class=\"col medium-4 small-12 large-4\"  >\n\t\t\t\t<div class=\"col-inner\"  >\n\t\t\t\n\t\t\t\n\n\n\t\t<\/div>\n\t\t\t\t\t<\/div>\n\n\t\n\n\t<div id=\"col-1046760685\" class=\"col medium-4 small-12 large-4\"  >\n\t\t\t\t<div class=\"col-inner text-center\"  >\n\t\t\t\n\t\t\t\n\n<a data-animate=\"fadeInUp\" href=\"https:\/\/kungshamn.teleradio.nu\/?page_id=356\" class=\"button success expand\"  style=\"border-radius:99px;\">\n\t\t<span>Vanliga fr\u00e5gor<\/span>\n\t<\/a>\n\n\n\n\t\t<\/div>\n\t\t\t\t\t<\/div>\n\n\t\n\n\t<div id=\"col-566790062\" class=\"col medium-4 small-12 large-4\"  >\n\t\t\t\t<div class=\"col-inner\"  >\n\t\t\t\n\t\t\t\n\n\n\t\t<\/div>\n\t\t\t\t\t<\/div>\n\n\t\n\n<\/div>\n\n\t\t<\/div>\n\n\t\t\n<style>\n#section_2037085584 {\n  padding-top: 30px;\n  padding-bottom: 30px;\n  min-height: 500px;\n}\n#section_2037085584 .section-bg-overlay {\n  background-color: rgba(0,0,0,.5);\n}\n@media (min-width:550px) {\n  #section_2037085584 .section-bg-overlay {\n    background-color: rgba(0,0,0,.5);\n  }\n}\n@media (min-width:850px) {\n  #section_2037085584 .section-bg-overlay {\n    background-color: rgba(0,0,0,.5);\n  }\n}\n<\/style>\n\t<\/section>\n\t\n\n\t<section class=\"section\" id=\"section_1192089565\">\n\t\t<div class=\"section-bg fill\" >\n\t\t\t\t\t\t\t\t\t\n\t\t\t\n\n\t\t<\/div>\n\n\t\t\n\n\t\t<div class=\"section-content relative\">\n\t\t\t\n\n<div class=\"row row-collapse row-full-width align-middle align-center\"  id=\"row-1934746211\">\n\n\n\t<div id=\"col-76494029\" class=\"col medium-6 small-12 large-6\"  >\n\t\t\t\t<div class=\"col-inner text-center\"  >\n\t\t\t\n\t\t\t\n\n\t<div class=\"img has-hover x md-x lg-x y md-y lg-y\" id=\"image_1468216052\">\n\t\t\t\t\t\t\t\t<div class=\"img-inner dark\" >\n\t\t\t<img loading=\"lazy\" decoding=\"async\" width=\"1020\" height=\"574\" src=\"https:\/\/kungshamn.teleradio.nu\/wp-content\/uploads\/2024\/05\/khamn-banner-1-1024x576.png\" class=\"attachment-large size-large\" alt=\"\" srcset=\"https:\/\/kungshamn.teleradio.nu\/wp-content\/uploads\/2024\/05\/khamn-banner-1-1024x576.png 1024w, https:\/\/kungshamn.teleradio.nu\/wp-content\/uploads\/2024\/05\/khamn-banner-1-300x169.png 300w, https:\/\/kungshamn.teleradio.nu\/wp-content\/uploads\/2024\/05\/khamn-banner-1-768x432.png 768w, https:\/\/kungshamn.teleradio.nu\/wp-content\/uploads\/2024\/05\/khamn-banner-1-1536x864.png 1536w, https:\/\/kungshamn.teleradio.nu\/wp-content\/uploads\/2024\/05\/khamn-banner-1.png 1920w\" sizes=\"auto, (max-width: 1020px) 100vw, 1020px\" \/>\t\t\t\t\t\t\n\t\t\t\t\t<\/div>\n\t\t\t\t\t\t\t\t\n<style>\n#image_1468216052 {\n  width: 100%;\n}\n<\/style>\n\t<\/div>\n\t\n\n\n\t\t<\/div>\n\t\t\t\t\t<\/div>\n\n\t\n\n\t<div id=\"col-48299579\" class=\"col medium-6 small-12 large-6\"  >\n\t\t\t\t<div class=\"col-inner\"  >\n\t\t\t\n\t\t\t\n\n\t<div id=\"text-835394942\" class=\"text\">\n\t\t\n\n<h2>Elon Ljud &amp; Bild Teleradio Kungshamn<\/h2>\n<p>V\u00e5r butik p\u00e5 K\u00f6pmanstorget 3 i Kungshamn kanske \u00e4r lite mindre till ytan, men den har en lika imponerande kunskapsbank. H\u00e4r hittar du allt du beh\u00f6ver f\u00f6r vardagen och semestern. Hos oss f\u00e5r du samma engagerade service och expertis oavsett butik &#8211; v\u00e4lkommen till Teleradio i Kungshamn!<\/p>\n<h3>V\u00e5rt jobb \u00e4r kort och gott att f\u00f6renkla din vardag.<\/h3>\n<p>Med v\u00e5r specialiserade expertis och dedikerade mont\u00f6rer \u00e4r v\u00e5rt m\u00e5l alltid att erbjuda dig som kund den absolut b\u00e4sta hj\u00e4lpen och servicen.<\/p>\n\t\t\n<style>\n#text-835394942 {\n  color: rgb(0,0,0);\n}\n#text-835394942 > * {\n  color: rgb(0,0,0);\n}\n<\/style>\n\t<\/div>\n\t\n<div class=\"row\"  id=\"row-254415192\">\n\n\n\t<div id=\"col-703901841\" class=\"col medium-8 small-12 large-8\"  >\n\t\t\t\t<div class=\"col-inner text-left\"  >\n\t\t\t\n\t\t\t\n\n<a href=\"tel:052371018\" target=\"_blank\" class=\"button alert\" rel=\"noopener\"  style=\"border-radius:99px;\">\n\t\t<span>Ring oss<\/span>\n\t<\/a>\n\n\n<a href=\"mailto:kungshamn@elonljudbild.se\" class=\"button success\"  style=\"border-radius:99px;\">\n\t\t<span>Kontakta oss<\/span>\n\t<\/a>\n\n\n<a href=\"https:\/\/www.elon.se\/butiker\/kungshamn\/elon-ljud-bild-teleradio-kungshamn?_gl=1*njmp5z*_up*MQ..&#038;gclid=Cj0KCQjwsuSzBhCLARIsAIcdLm6voeV4wsCretv_ZMbJuUCC6y6jdw_NcY0Dd7WIeYkrs_rMVB1dxYYaApy-EALw_wcB\" class=\"button primary\"  style=\"border-radius:99px;\">\n\t\t<span>V\u00c5RT SORTIMENT<\/span>\n\t<\/a>\n\n\n\n\t\t<\/div>\n\t\t\t\t\t<\/div>\n\n\t\n\n<\/div>\n\n\t\t<\/div>\n\t\t\t\t\n<style>\n#col-48299579 > .col-inner {\n  padding: 25px 25px 25px 25px;\n}\n<\/style>\n\t<\/div>\n\n\t\n\n<\/div>\n\t<div id=\"gap-2057485821\" class=\"gap-element clearfix\" style=\"display:block; height:auto;\">\n\t\t\n<style>\n#gap-2057485821 {\n  padding-top: 30px;\n}\n<\/style>\n\t<\/div>\n\t\n\n<div class=\"row row-collapse row-full-width align-equal align-center\"  id=\"row-615021695\">\n\n\n\t<div id=\"col-498944213\" class=\"col small-12 large-12\"  >\n\t\t\t\t<div class=\"col-inner text-center\"  >\n\t\t\t\n\t\t\t\n\n\t<div id=\"text-3966390379\" class=\"text\">\n\t\t\n\n<p>Bokning sker via v\u00e5ra butiker eller via telefon<\/p>\n\t\t\n<style>\n#text-3966390379 {\n  color: rgb(255,255,255);\n}\n#text-3966390379 > * {\n  color: rgb(255,255,255);\n}\n<\/style>\n\t<\/div>\n\t\n\n\t\t<\/div>\n\t\t\t\t\n<style>\n#col-498944213 > .col-inner {\n  padding: 20px 5px 5px 5px;\n}\n<\/style>\n\t<\/div>\n\n\t\n\n\n<style>\n#row-615021695 > .col > .col-inner {\n  background-color: rgb(0, 169, 132);\n}\n<\/style>\n<\/div>\n\n\t\t<\/div>\n\n\t\t\n<style>\n#section_1192089565 {\n  padding-top: 30px;\n  padding-bottom: 30px;\n  background-color: rgb(242, 242, 242);\n}\n<\/style>\n\t<\/section>\n\t\n\n\t<section class=\"section\" id=\"section_610767249\">\n\t\t<div class=\"section-bg fill\" >\n\t\t\t\t\t\t\t\t\t\n\t\t\t\n\n\t\t<\/div>\n\n\t\t\n\n\t\t<div class=\"section-content relative\">\n\t\t\t\n\n<div class=\"row row-collapse row-full-width align-middle align-center\"  id=\"row-1840365774\">\n\n\n\t<div id=\"col-1243006509\" class=\"col medium-6 small-12 large-6\"  >\n\t\t\t\t<div class=\"col-inner\"  >\n\t\t\t\n\t\t\t\n\n\t<div id=\"text-2227928797\" class=\"text\">\n\t\t\n\n<h2>Elon Teleradio Munkedal<\/h2>\n<p>V\u00e4lkommen till Munkedals Teleradio p\u00e5 M\u00e4starev\u00e4gen 3 i Munkedal! Mitt emot Jimmis Handelstr\u00e4dg\u00e5rd i Munkeland. Vi erbjuder allt du beh\u00f6ver f\u00f6r ditt hem och lite till. Uppt\u00e4ck v\u00e5rt sortiment av vitvaror, TV, mobiltelefoner, h\u00f6gtalare, v\u00e4rmepumpar, belysning och ID-\/k\u00f6rkortsfoton. Vi finns h\u00e4r f\u00f6r att ge dig b\u00e4sta service och hj\u00e4lp. V\u00e4lkommen till en v\u00e4rld av bekv\u00e4mlighet och kvalitet hos Munkedals Teleradio!<\/p>\n<h3>V\u00e5rt jobb \u00e4r kort och gott att f\u00f6renkla din vardag.<\/h3>\n<p>Med v\u00e5r specialiserade expertis och dedikerade mont\u00f6rer \u00e4r v\u00e5rt m\u00e5l alltid att erbjuda dig som kund den absolut b\u00e4sta hj\u00e4lpen och servicen.<\/p>\n\t\t\n<style>\n#text-2227928797 {\n  color: rgb(0,0,0);\n}\n#text-2227928797 > * {\n  color: rgb(0,0,0);\n}\n<\/style>\n\t<\/div>\n\t\n<div class=\"row\"  id=\"row-1658986921\">\n\n\n\t<div id=\"col-1514423412\" class=\"col medium-8 small-12 large-8\"  >\n\t\t\t\t<div class=\"col-inner text-left\"  >\n\t\t\t\n\t\t\t\n\n<a href=\"tel:052471018\" target=\"_blank\" class=\"button alert\" rel=\"noopener\"  style=\"border-radius:99px;\">\n\t\t<span>Ring oss<\/span>\n\t<\/a>\n\n\n<a href=\"mailto:munkedal@elon.se\" target=\"_blank\" class=\"button success\" rel=\"noopener\"  style=\"border-radius:99px;\">\n\t\t<span>Kontakta oss<\/span>\n\t<\/a>\n\n\n<a href=\"https:\/\/www.elon.se\/butiker\/munkedal\/elon-teleradio-munkedal?_gl=1*1y1w8zp*_up*MQ..&#038;gclid=Cj0KCQjwsuSzBhCLARIsAIcdLm6voeV4wsCretv_ZMbJuUCC6y6jdw_NcY0Dd7WIeYkrs_rMVB1dxYYaApy-EALw_wcB\" target=\"_blank\" class=\"button primary\" rel=\"noopener\"  style=\"border-radius:99px;\">\n\t\t<span>V\u00c5RT SORTIMENT<\/span>\n\t<\/a>\n\n\n\n\t\t<\/div>\n\t\t\t\t\t<\/div>\n\n\t\n\n<\/div>\n\n\t\t<\/div>\n\t\t\t\t\n<style>\n#col-1243006509 > .col-inner {\n  padding: 25px 25px 25px 25px;\n}\n<\/style>\n\t<\/div>\n\n\t\n\n\t<div id=\"col-1095342212\" class=\"col medium-6 small-12 large-6\"  >\n\t\t\t\t<div class=\"col-inner text-center\"  >\n\t\t\t\n\t\t\t\n\n\t<div class=\"img has-hover x md-x lg-x y md-y lg-y\" id=\"image_1902030807\">\n\t\t\t\t\t\t\t\t<div class=\"img-inner dark\" >\n\t\t\t<img loading=\"lazy\" decoding=\"async\" width=\"1020\" height=\"574\" src=\"https:\/\/kungshamn.teleradio.nu\/wp-content\/uploads\/2024\/05\/munkedal-butik-banner-1024x576.png\" class=\"attachment-large size-large\" alt=\"\" srcset=\"https:\/\/kungshamn.teleradio.nu\/wp-content\/uploads\/2024\/05\/munkedal-butik-banner-1024x576.png 1024w, https:\/\/kungshamn.teleradio.nu\/wp-content\/uploads\/2024\/05\/munkedal-butik-banner-300x169.png 300w, https:\/\/kungshamn.teleradio.nu\/wp-content\/uploads\/2024\/05\/munkedal-butik-banner-768x432.png 768w, https:\/\/kungshamn.teleradio.nu\/wp-content\/uploads\/2024\/05\/munkedal-butik-banner-1536x864.png 1536w, https:\/\/kungshamn.teleradio.nu\/wp-content\/uploads\/2024\/05\/munkedal-butik-banner.png 1920w\" sizes=\"auto, (max-width: 1020px) 100vw, 1020px\" \/>\t\t\t\t\t\t\n\t\t\t\t\t<\/div>\n\t\t\t\t\t\t\t\t\n<style>\n#image_1902030807 {\n  width: 100%;\n}\n<\/style>\n\t<\/div>\n\t\n\n\n\t\t<\/div>\n\t\t\t\t\t<\/div>\n\n\t\n\n<\/div>\n\n\t\t<\/div>\n\n\t\t\n<style>\n#section_610767249 {\n  padding-top: 30px;\n  padding-bottom: 30px;\n  background-color: rgb(242, 242, 242);\n}\n<\/style>\n\t<\/section>\n\t\n\n\t<section class=\"section\" id=\"section_910652780\">\n\t\t<div class=\"section-bg fill\" >\n\t\t\t\t\t\t\t\t\t\n\t\t\t\n\n\t\t<\/div>\n\n\t\t\n\n\t\t<div class=\"section-content relative\">\n\t\t\t\n\n<div class=\"row row-collapse row-full-width align-equal align-center\"  id=\"row-2005188062\">\n\n\n\t<div id=\"col-19091837\" class=\"col medium-3 small-6 large-3\"  >\n\t\t\t\t<div class=\"col-inner text-right\"  >\n\t\t\t\n\t\t\t\n\n<div class=\"ux-logo has-hover align-middle ux_logo inline-block\" style=\"max-width: 100%!important; width: 206.14678899083px!important\"><div class=\"ux-logo-link block image-\" title=\"\" href=\"\" style=\"padding: 15px;\"><img decoding=\"async\" src=\"https:\/\/kungshamn.teleradio.nu\/wp-content\/uploads\/2024\/06\/khamn-logotyp-vit.png\" title=\"\" alt=\"\" class=\"ux-logo-image block\" style=\"height:50px;\" \/><\/div><\/div>\n\n\n\t\t<\/div>\n\t\t\t\t\n<style>\n#col-19091837 > .col-inner {\n  padding: 15px 15px 15px 15px;\n}\n<\/style>\n\t<\/div>\n\n\t\n\n\t<div id=\"col-1684212809\" class=\"col medium-3 small-6 large-3\"  >\n\t\t\t\t<div class=\"col-inner text-left\"  >\n\t\t\t\n\t\t\t\n\n<div class=\"social-icons follow-icons\" style=\"font-size:140%\"><a href=\"https:\/\/www.facebook.com\/Munkedals.Teleradio\/?locale=sv_SE\" target=\"_blank\" data-label=\"Facebook\" class=\"icon plain facebook tooltip\" title=\"Follow on Facebook\" aria-label=\"Follow on Facebook\" rel=\"noopener nofollow\" ><i class=\"icon-facebook\" ><\/i><\/a><a href=\"https:\/\/www.instagram.com\/teleradioeuronics\/\" target=\"_blank\" data-label=\"Instagram\" class=\"icon plain instagram tooltip\" title=\"Follow on Instagram\" aria-label=\"Follow on Instagram\" rel=\"noopener nofollow\" ><i class=\"icon-instagram\" ><\/i><\/a><\/div>\n\n\n\t\t<\/div>\n\t\t\t\t\n<style>\n#col-1684212809 > .col-inner {\n  padding: 35px 15px 15px 15px;\n}\n<\/style>\n\t<\/div>\n\n\t\n\n\t<div id=\"col-1792128923\" class=\"col medium-3 small-6 large-3\"  >\n\t\t\t\t<div class=\"col-inner text-right\"  >\n\t\t\t\n\t\t\t\n\n\n\t\t<\/div>\n\t\t\t\t\n<style>\n#col-1792128923 > .col-inner {\n  padding: 30px 15px 15px 15px;\n}\n<\/style>\n\t<\/div>\n\n\t\n\n\t<div id=\"col-230830245\" class=\"col medium-3 small-6 large-3\"  >\n\t\t\t\t<div class=\"col-inner\"  >\n\t\t\t\n\t\t\t\n\n\t<div id=\"text-2339037164\" class=\"text\">\n\t\t\n\n<h2><span style=\"font-size: 130%;\">Kungshamn<\/span><\/h2>\n\t\t\n<style>\n#text-2339037164 {\n  color: rgb(255,255,255);\n}\n#text-2339037164 > * {\n  color: rgb(255,255,255);\n}\n<\/style>\n\t<\/div>\n\t\n\n\t\t<\/div>\n\t\t\t\t\n<style>\n#col-230830245 > .col-inner {\n  padding: 30px 15px 15px 15px;\n}\n<\/style>\n\t<\/div>\n\n\t\n\n<\/div>\n\n\t\t<\/div>\n\n\t\t\n<style>\n#section_910652780 {\n  padding-top: 30px;\n  padding-bottom: 30px;\n  background-color: rgb(68, 68, 68);\n}\n<\/style>\n\t<\/section>\n\t\n\n","protected":false},"excerpt":{"rendered":"","protected":false},"author":1,"featured_media":0,"parent":0,"menu_order":0,"comment_status":"closed","ping_status":"closed","template":"page-blank.php","meta":{"footnotes":""},"class_list":["post-274","page","type-page","status-publish","hentry"],"_links":{"self":[{"href":"https:\/\/kungshamn.teleradio.nu\/index.php?rest_route=\/wp\/v2\/pages\/274","targetHints":{"allow":["GET"]}}],"collection":[{"href":"https:\/\/kungshamn.teleradio.nu\/index.php?rest_route=\/wp\/v2\/pages"}],"about":[{"href":"https:\/\/kungshamn.teleradio.nu\/index.php?rest_route=\/wp\/v2\/types\/page"}],"author":[{"embeddable":true,"href":"https:\/\/kungshamn.teleradio.nu\/index.php?rest_route=\/wp\/v2\/users\/1"}],"replies":[{"embeddable":true,"href":"https:\/\/kungshamn.teleradio.nu\/index.php?rest_route=%2Fwp%2Fv2%2Fcomments&post=274"}],"version-history":[{"count":5,"href":"https:\/\/kungshamn.teleradio.nu\/index.php?rest_route=\/wp\/v2\/pages\/274\/revisions"}],"predecessor-version":[{"id":603,"href":"https:\/\/kungshamn.teleradio.nu\/index.php?rest_route=\/wp\/v2\/pages\/274\/revisions\/603"}],"wp:attachment":[{"href":"https:\/\/kungshamn.teleradio.nu\/index.php?rest_route=%2Fwp%2Fv2%2Fmedia&parent=274"}],"curies":[{"name":"wp","href":"https:\/\/api.w.org\/{rel}","templated":true}]}}